{"id":381,"date":"2024-01-04T18:55:11","date_gmt":"2024-01-04T18:55:11","guid":{"rendered":"https:\/\/sternenhof-oberwald.ch\/?page_id=381"},"modified":"2024-01-09T09:56:02","modified_gmt":"2024-01-09T09:56:02","slug":"umgang-mit-nutztieren-zwischen-kuscheltier-und-krankenhaus","status":"publish","type":"page","link":"https:\/\/sternenhof-oberwald.ch\/de\/umgang-mit-nutztieren-zwischen-kuscheltier-und-krankenhaus\/","title":{"rendered":"Umgang mit Nutztieren &#8211; Zwischen Kuscheltier und Krankenhaus"},"content":{"rendered":"<div class=\"wp-block-cover\"><span aria-hidden=\"true\" class=\"wp-block-cover__background has-background-dim-30 has-background-dim\"><\/span><img data-recalc-dims=\"1\" loading=\"lazy\" decoding=\"async\" width=\"1290\" height=\"737\" class=\"wp-block-cover__image-background wp-image-558\" alt=\"\" src=\"https:\/\/i0.wp.com\/sternenhof-oberwald.ch\/wp-content\/uploads\/2024\/01\/DALL%C2%B7E-2024-01-08-16.46.52-A-realistic-and-detailed-depiction-of-cows-and-horses-storming-through-a-fence-into-the-green-moonlight-on-a-high-mountain-pasture-caused-by-a-reckle.png?resize=1290%2C737&#038;ssl=1\" style=\"object-position:56% 73%\" data-object-fit=\"cover\" data-object-position=\"56% 73%\" srcset=\"https:\/\/i0.wp.com\/sternenhof-oberwald.ch\/wp-content\/uploads\/2024\/01\/DALL%C2%B7E-2024-01-08-16.46.52-A-realistic-and-detailed-depiction-of-cows-and-horses-storming-through-a-fence-into-the-green-moonlight-on-a-high-mountain-pasture-caused-by-a-reckle.png?w=1792&amp;ssl=1 1792w, https:\/\/i0.wp.com\/sternenhof-oberwald.ch\/wp-content\/uploads\/2024\/01\/DALL%C2%B7E-2024-01-08-16.46.52-A-realistic-and-detailed-depiction-of-cows-and-horses-storming-through-a-fence-into-the-green-moonlight-on-a-high-mountain-pasture-caused-by-a-reckle.png?resize=300%2C171&amp;ssl=1 300w, https:\/\/i0.wp.com\/sternenhof-oberwald.ch\/wp-content\/uploads\/2024\/01\/DALL%C2%B7E-2024-01-08-16.46.52-A-realistic-and-detailed-depiction-of-cows-and-horses-storming-through-a-fence-into-the-green-moonlight-on-a-high-mountain-pasture-caused-by-a-reckle.png?resize=1024%2C585&amp;ssl=1 1024w, https:\/\/i0.wp.com\/sternenhof-oberwald.ch\/wp-content\/uploads\/2024\/01\/DALL%C2%B7E-2024-01-08-16.46.52-A-realistic-and-detailed-depiction-of-cows-and-horses-storming-through-a-fence-into-the-green-moonlight-on-a-high-mountain-pasture-caused-by-a-reckle.png?resize=768%2C439&amp;ssl=1 768w, https:\/\/i0.wp.com\/sternenhof-oberwald.ch\/wp-content\/uploads\/2024\/01\/DALL%C2%B7E-2024-01-08-16.46.52-A-realistic-and-detailed-depiction-of-cows-and-horses-storming-through-a-fence-into-the-green-moonlight-on-a-high-mountain-pasture-caused-by-a-reckle.png?resize=1536%2C878&amp;ssl=1 1536w, https:\/\/i0.wp.com\/sternenhof-oberwald.ch\/wp-content\/uploads\/2024\/01\/DALL%C2%B7E-2024-01-08-16.46.52-A-realistic-and-detailed-depiction-of-cows-and-horses-storming-through-a-fence-into-the-green-moonlight-on-a-high-mountain-pasture-caused-by-a-reckle.png?resize=18%2C10&amp;ssl=1 18w, https:\/\/i0.wp.com\/sternenhof-oberwald.ch\/wp-content\/uploads\/2024\/01\/DALL%C2%B7E-2024-01-08-16.46.52-A-realistic-and-detailed-depiction-of-cows-and-horses-storming-through-a-fence-into-the-green-moonlight-on-a-high-mountain-pasture-caused-by-a-reckle.png?resize=600%2C343&amp;ssl=1 600w\" sizes=\"auto, (max-width: 1290px) 100vw, 1290px\" \/><div class=\"wp-block-cover__inner-container is-layout-constrained wp-block-cover-is-layout-constrained\">\n<h1 class=\"wp-block-heading has-text-align-center\">Umgang mit Nutztieren <br>Zwischen Kuscheltier und Krankenhaus<\/h1>\n<\/div><\/div>\n\n\n\n<p class=\"has-text-align-justify\">Ob mit oder ohne Horn, eine Kuh ist nicht zu <a href=\"https:\/\/www.deutschlandfunknova.de\/beitrag\/almen-gipfel-kuehe-erschrecken-ist-ein-gefaehrlicher-trend#:~:text=In%20Deutschland%20gab%20es%20im,die%20an%20den%20K%C3%BChen%20vorbeikommen.\" title=\"\">untersch\u00e4tzen<\/a>. Obwohl unsere K\u00fche recht freundlich sind, braucht es doch viel Erfahrung f\u00fcr einen sicheren Umgang mit ihnen. Wer diese Erfahrung nicht hat, macht besser einen Umweg, wenn eine Kuh den Weg versperrt. Angst zu haben ist nicht n\u00f6tig, etwas Respekt aber schon. Unsere Herde auf der Alp enth\u00e4lt weder Mutterk\u00fche noch Stiere, eine nahe Begegnung mit einem Kuhhorn geht dennoch schnell ins Auge. Die K\u00fche haben kein sonderliches Interesse an vorbei wandernden. Damit das so bleibt, sind wir froh, wenn jegliches F\u00fcttern vermieden wird (ja auch dein Brotkanten). <\/p>\n\n\n\n<p class=\"has-text-align-justify\">Gleiches gilt f\u00fcr die Rinder und Pferdeherden. Die Rinder sind den Umgang mit Menschen kaum gew\u00f6hnt, sind noch jung und wild und verhalten sich dementsprechend etwas unerwartet. Die Pferde sind den Umgang mit Menschen gewohnt und kommen deshalb auch mal n\u00e4her. Wem das nicht wohl ist, sollte einfach weiter gehen. Die Pferde sind nicht an Extrafutter gew\u00f6hnt und lassen einen in Ruhe. Das Ber\u00fchren der Fohlen ist mit viel Vorsicht verbunden, da die Stuten ihre Herde verteidigen. <\/p>\n\n\n\n<h2 class=\"wp-block-heading\">Z\u00e4une<\/h2>\n\n\n\n<p>Die Z\u00e4une auf der Alp sind bewusst aufgestellt. Ver\u00e4ndert man diese unbedacht, bringt man die Tiere in Gefahr. An diversen Orten sind gef\u00e4hrliche Stellen ausgez\u00e4unt, zu denen kein Tier gelangen soll. Solltet ihr einen Zaun vorfinden, der durch Wild, Blitz oder unbedachten Wanderer zerst\u00f6rt wurde, gebt uns doch <a href=\"https:\/\/sternenhof-oberwald.ch\/de\/kontakt\/\" title=\"Kontakt\">Bescheid<\/a>, sodass wir einen sicheren Betrieb aufrechterhalten k\u00f6nnen.<\/p>\n\n\n\n<p><\/p>","protected":false},"excerpt":{"rendered":"<p>Ob mit oder ohne Horn, eine Kuh ist nicht zu untersch\u00e4tzen. Obwohl unsere K\u00fche recht freundlich sind, braucht es doch viel Erfahrung f\u00fcr einen sicheren Umgang mit ihnen. Wer diese Erfahrung nicht hat, macht besser einen Umweg, wenn eine Kuh den Weg versperrt. Angst zu haben ist nicht n\u00f6tig, etwas Respekt aber schon. Unsere Herde&#8230;<\/p>","protected":false},"author":4,"featured_media":0,"parent":0,"menu_order":0,"comment_status":"closed","ping_status":"closed","template":"","meta":{"_kadence_starter_templates_imported_post":false,"_kad_post_transparent":"enable","_kad_post_title":"hide","_kad_post_layout":"","_kad_post_sidebar_id":"","_kad_post_content_style":"","_kad_post_vertical_padding":"","_kad_post_feature":"","_kad_post_feature_position":"","_kad_post_header":false,"_kad_post_footer":false,"footnotes":""},"class_list":["post-381","page","type-page","status-publish","hentry"],"aioseo_notices":[],"jetpack_sharing_enabled":true,"_links":{"self":[{"href":"https:\/\/sternenhof-oberwald.ch\/de\/wp-json\/wp\/v2\/pages\/381","targetHints":{"allow":["GET"]}}],"collection":[{"href":"https:\/\/sternenhof-oberwald.ch\/de\/wp-json\/wp\/v2\/pages"}],"about":[{"href":"https:\/\/sternenhof-oberwald.ch\/de\/wp-json\/wp\/v2\/types\/page"}],"author":[{"embeddable":true,"href":"https:\/\/sternenhof-oberwald.ch\/de\/wp-json\/wp\/v2\/users\/4"}],"replies":[{"embeddable":true,"href":"https:\/\/sternenhof-oberwald.ch\/de\/wp-json\/wp\/v2\/comments?post=381"}],"version-history":[{"count":6,"href":"https:\/\/sternenhof-oberwald.ch\/de\/wp-json\/wp\/v2\/pages\/381\/revisions"}],"predecessor-version":[{"id":560,"href":"https:\/\/sternenhof-oberwald.ch\/de\/wp-json\/wp\/v2\/pages\/381\/revisions\/560"}],"wp:attachment":[{"href":"https:\/\/sternenhof-oberwald.ch\/de\/wp-json\/wp\/v2\/media?parent=381"}],"curies":[{"name":"wp","href":"https:\/\/api.w.org\/{rel}","templated":true}]}}