{"id":610,"date":"2024-02-07T17:57:16","date_gmt":"2024-02-07T17:57:16","guid":{"rendered":"https:\/\/sternenhof-oberwald.ch\/?page_id=610"},"modified":"2024-02-08T09:25:14","modified_gmt":"2024-02-08T09:25:14","slug":"unsere-pferdeherde","status":"publish","type":"page","link":"https:\/\/sternenhof-oberwald.ch\/de\/unsere-pferdeherde\/","title":{"rendered":"DiePferdeherde &#8211; Im Galopp \u00fcber die Hochebene"},"content":{"rendered":"<h1 class=\"wp-block-heading\">Die Pferdeherde &#8211; Galopp auf der <\/h1>\n\n\n\n<p>Jeden Sommer zieht es rund 10 Pferde auf unsere Alp. Die Herde besteht zum Grossteil aus Zuchtstuten von <a href=\"https:\/\/www.gentinetta-pferde.ch\" title=\"Marco und Stephanie Gentinetta\">Marco und Stephanie Gentinetta<\/a> mit ihren Fohlen. Dazu kommt seit zwei Jahren Harald und im Sp\u00e4tsommer Gino, das Maultier. Gemeinsam geniessen sie das sch\u00f6ne Wetter, fressen Alpenrosen, galoppieren \u00fcber den Bidmer und lassen es sich einfach gut gehen. F\u00fcr die Fohlen ist dies der erste Schritt ihrer Ausbildung. Laufen im Gel\u00e4nde, \u00dcberqueren von B\u00e4chen und Abbeissen von Distelbl\u00fcten wollen erstmal gelernt werden. In der Herde hat es grunds\u00e4tzlich Platz f\u00fcr weitere Pensionspferde. Das Klima auf der Alp ist jedoch rau und eine Herde mit Pferden von verschiedenen Parteien funktioniert nur bei kompatiblen Pferdecharakteren. Falls ihr Interesse habt, <a href=\"https:\/\/sternenhof-oberwald.ch\/de\/kontakt\/\" title=\"Kontakt\">meldet Euch gerne<\/a>. Eine Besonderheit der Herde sind die Maultierfohlen. Das struppige Fell und die langen Ohren verraten schon von Weitem, dass hier ganz  aussergew\u00f6hnlich Vierbeiner unterwegs sind. Falls ihr keine Erfahrung mit Pferden in einer Herde habt, m\u00fcsst ihr den Tieren mit viel Respekt begegnen. Die Herde ist grunds\u00e4tzlich sehr freundlich, f\u00fchlt sich die Herde jedoch in Gefahr, kann es <a href=\"https:\/\/sternenhof-oberwald.ch\/de\/umgang-mit-nutztieren-zwischen-kuscheltier-und-krankenhaus\/\" title=\"Umgang mit Nutztieren \u2013 Zwischen Kuscheltier und Krankenhaus\">schnell wild werden<\/a>. Auch beim Spielen mit den Fohlen muss aufgepasst werden, denn diese schnappen nach allem, was ihnen vor die Schnauze kommt. <\/p>\n\n\n\n<div class=\"wp-block-jetpack-slideshow aligncenter\" data-effect=\"slide\"><div class=\"wp-block-jetpack-slideshow_container swiper-container\"><ul class=\"wp-block-jetpack-slideshow_swiper-wrapper swiper-wrapper\"><li class=\"wp-block-jetpack-slideshow_slide swiper-slide\"><figure><img data-recalc-dims=\"1\" loading=\"lazy\" decoding=\"async\" width=\"1024\" height=\"684\" alt=\"Ein ganz besonders fotogenes Maultierfohlen.\" class=\"wp-block-jetpack-slideshow_image wp-image-617\" data-id=\"617\" src=\"https:\/\/i0.wp.com\/sternenhof-oberwald.ch\/wp-content\/uploads\/2024\/02\/DSC04621.jpg?resize=1024%2C684&#038;ssl=1\" srcset=\"https:\/\/i0.wp.com\/sternenhof-oberwald.ch\/wp-content\/uploads\/2024\/02\/DSC04621.jpg?resize=1024%2C684&amp;ssl=1 1024w, https:\/\/i0.wp.com\/sternenhof-oberwald.ch\/wp-content\/uploads\/2024\/02\/DSC04621.jpg?resize=300%2C200&amp;ssl=1 300w, https:\/\/i0.wp.com\/sternenhof-oberwald.ch\/wp-content\/uploads\/2024\/02\/DSC04621.jpg?resize=768%2C513&amp;ssl=1 768w, https:\/\/i0.wp.com\/sternenhof-oberwald.ch\/wp-content\/uploads\/2024\/02\/DSC04621.jpg?resize=18%2C12&amp;ssl=1 18w, https:\/\/i0.wp.com\/sternenhof-oberwald.ch\/wp-content\/uploads\/2024\/02\/DSC04621.jpg?resize=600%2C401&amp;ssl=1 600w, https:\/\/i0.wp.com\/sternenhof-oberwald.ch\/wp-content\/uploads\/2024\/02\/DSC04621.jpg?w=1204&amp;ssl=1 1204w\" sizes=\"(max-width: 1024px) 100vw, 1024px\" \/><figcaption class=\"wp-block-jetpack-slideshow_caption gallery-caption\">Ein ganz besonders fotogenes Maultierfohlen.<\/figcaption><\/figure><\/li><li class=\"wp-block-jetpack-slideshow_slide swiper-slide\"><figure><img data-recalc-dims=\"1\" loading=\"lazy\" decoding=\"async\" width=\"1024\" height=\"684\" alt=\"In der Mittagssonne l\u00e4sst es sich wunderbar schlafen.\" class=\"wp-block-jetpack-slideshow_image wp-image-615\" data-id=\"615\" src=\"https:\/\/i0.wp.com\/sternenhof-oberwald.ch\/wp-content\/uploads\/2024\/02\/DSC7551.jpg?resize=1024%2C684&#038;ssl=1\" srcset=\"https:\/\/i0.wp.com\/sternenhof-oberwald.ch\/wp-content\/uploads\/2024\/02\/DSC7551.jpg?resize=1024%2C684&amp;ssl=1 1024w, https:\/\/i0.wp.com\/sternenhof-oberwald.ch\/wp-content\/uploads\/2024\/02\/DSC7551.jpg?resize=300%2C200&amp;ssl=1 300w, https:\/\/i0.wp.com\/sternenhof-oberwald.ch\/wp-content\/uploads\/2024\/02\/DSC7551.jpg?resize=768%2C513&amp;ssl=1 768w, https:\/\/i0.wp.com\/sternenhof-oberwald.ch\/wp-content\/uploads\/2024\/02\/DSC7551.jpg?resize=18%2C12&amp;ssl=1 18w, https:\/\/i0.wp.com\/sternenhof-oberwald.ch\/wp-content\/uploads\/2024\/02\/DSC7551.jpg?resize=600%2C401&amp;ssl=1 600w, https:\/\/i0.wp.com\/sternenhof-oberwald.ch\/wp-content\/uploads\/2024\/02\/DSC7551.jpg?w=1204&amp;ssl=1 1204w\" sizes=\"(max-width: 1024px) 100vw, 1024px\" \/><figcaption class=\"wp-block-jetpack-slideshow_caption gallery-caption\">In der Mittagssonne l\u00e4sst es sich wunderbar schlafen.<\/figcaption><\/figure><\/li><li class=\"wp-block-jetpack-slideshow_slide swiper-slide\"><figure><img data-recalc-dims=\"1\" loading=\"lazy\" decoding=\"async\" width=\"1024\" height=\"684\" alt=\"Die Seen des Bidmers laden zu einer kleinen Pause ein.\" class=\"wp-block-jetpack-slideshow_image wp-image-614\" data-id=\"614\" src=\"https:\/\/i0.wp.com\/sternenhof-oberwald.ch\/wp-content\/uploads\/2024\/02\/DSC7543.jpg?resize=1024%2C684&#038;ssl=1\" srcset=\"https:\/\/i0.wp.com\/sternenhof-oberwald.ch\/wp-content\/uploads\/2024\/02\/DSC7543.jpg?resize=1024%2C684&amp;ssl=1 1024w, https:\/\/i0.wp.com\/sternenhof-oberwald.ch\/wp-content\/uploads\/2024\/02\/DSC7543.jpg?resize=300%2C200&amp;ssl=1 300w, https:\/\/i0.wp.com\/sternenhof-oberwald.ch\/wp-content\/uploads\/2024\/02\/DSC7543.jpg?resize=768%2C513&amp;ssl=1 768w, https:\/\/i0.wp.com\/sternenhof-oberwald.ch\/wp-content\/uploads\/2024\/02\/DSC7543.jpg?resize=18%2C12&amp;ssl=1 18w, https:\/\/i0.wp.com\/sternenhof-oberwald.ch\/wp-content\/uploads\/2024\/02\/DSC7543.jpg?resize=600%2C401&amp;ssl=1 600w, https:\/\/i0.wp.com\/sternenhof-oberwald.ch\/wp-content\/uploads\/2024\/02\/DSC7543.jpg?w=1204&amp;ssl=1 1204w\" sizes=\"(max-width: 1024px) 100vw, 1024px\" \/><figcaption class=\"wp-block-jetpack-slideshow_caption gallery-caption\">Die Seen des Bidmers laden zu einer kleinen Pause ein.<\/figcaption><\/figure><\/li><li class=\"wp-block-jetpack-slideshow_slide swiper-slide\"><figure><img data-recalc-dims=\"1\" loading=\"lazy\" decoding=\"async\" width=\"1024\" height=\"684\" alt=\"Ausblick auf das noch verschlafene Goms von der oberen H\u00fctte aus.\" class=\"wp-block-jetpack-slideshow_image wp-image-613\" data-id=\"613\" src=\"https:\/\/i0.wp.com\/sternenhof-oberwald.ch\/wp-content\/uploads\/2024\/02\/DSC7539.jpg?resize=1024%2C684&#038;ssl=1\" srcset=\"https:\/\/i0.wp.com\/sternenhof-oberwald.ch\/wp-content\/uploads\/2024\/02\/DSC7539.jpg?resize=1024%2C684&amp;ssl=1 1024w, https:\/\/i0.wp.com\/sternenhof-oberwald.ch\/wp-content\/uploads\/2024\/02\/DSC7539.jpg?resize=300%2C200&amp;ssl=1 300w, https:\/\/i0.wp.com\/sternenhof-oberwald.ch\/wp-content\/uploads\/2024\/02\/DSC7539.jpg?resize=768%2C513&amp;ssl=1 768w, https:\/\/i0.wp.com\/sternenhof-oberwald.ch\/wp-content\/uploads\/2024\/02\/DSC7539.jpg?resize=18%2C12&amp;ssl=1 18w, https:\/\/i0.wp.com\/sternenhof-oberwald.ch\/wp-content\/uploads\/2024\/02\/DSC7539.jpg?resize=600%2C401&amp;ssl=1 600w, https:\/\/i0.wp.com\/sternenhof-oberwald.ch\/wp-content\/uploads\/2024\/02\/DSC7539.jpg?w=1204&amp;ssl=1 1204w\" sizes=\"(max-width: 1024px) 100vw, 1024px\" \/><figcaption class=\"wp-block-jetpack-slideshow_caption gallery-caption\">Ausblick auf das noch verschlafene Goms von der oberen H\u00fctte aus. Die ersten Sonnenstrahlen machen gute Laune f\u00fcr den kommenden Tag.<\/figcaption><\/figure><\/li><\/ul><a class=\"wp-block-jetpack-slideshow_button-prev swiper-button-prev swiper-button-white\" role=\"button\"><\/a><a class=\"wp-block-jetpack-slideshow_button-next swiper-button-next swiper-button-white\" role=\"button\"><\/a><a aria-label=\"Pause Slideshow\" class=\"wp-block-jetpack-slideshow_button-pause\" role=\"button\"><\/a><div class=\"wp-block-jetpack-slideshow_pagination swiper-pagination swiper-pagination-white\"><\/div><\/div><\/div>","protected":false},"excerpt":{"rendered":"<p>Die Pferdeherde &#8211; Galopp auf der Jeden Sommer zieht es rund 10 Pferde auf unsere Alp. Die Herde besteht zum Grossteil aus Zuchtstuten von Marco und Stephanie Gentinetta mit ihren Fohlen. Dazu kommt seit zwei Jahren Harald und im Sp\u00e4tsommer Gino, das Maultier. Gemeinsam geniessen sie das sch\u00f6ne Wetter, fressen Alpenrosen, galoppieren \u00fcber den Bidmer&#8230;<\/p>","protected":false},"author":4,"featured_media":0,"parent":0,"menu_order":0,"comment_status":"closed","ping_status":"closed","template":"","meta":{"_kadence_starter_templates_imported_post":false,"_kad_post_transparent":"","_kad_post_title":"","_kad_post_layout":"","_kad_post_sidebar_id":"","_kad_post_content_style":"","_kad_post_vertical_padding":"","_kad_post_feature":"","_kad_post_feature_position":"","_kad_post_header":false,"_kad_post_footer":false,"footnotes":""},"class_list":["post-610","page","type-page","status-publish","hentry"],"aioseo_notices":[],"jetpack_sharing_enabled":true,"_links":{"self":[{"href":"https:\/\/sternenhof-oberwald.ch\/de\/wp-json\/wp\/v2\/pages\/610","targetHints":{"allow":["GET"]}}],"collection":[{"href":"https:\/\/sternenhof-oberwald.ch\/de\/wp-json\/wp\/v2\/pages"}],"about":[{"href":"https:\/\/sternenhof-oberwald.ch\/de\/wp-json\/wp\/v2\/types\/page"}],"author":[{"embeddable":true,"href":"https:\/\/sternenhof-oberwald.ch\/de\/wp-json\/wp\/v2\/users\/4"}],"replies":[{"embeddable":true,"href":"https:\/\/sternenhof-oberwald.ch\/de\/wp-json\/wp\/v2\/comments?post=610"}],"version-history":[{"count":3,"href":"https:\/\/sternenhof-oberwald.ch\/de\/wp-json\/wp\/v2\/pages\/610\/revisions"}],"predecessor-version":[{"id":628,"href":"https:\/\/sternenhof-oberwald.ch\/de\/wp-json\/wp\/v2\/pages\/610\/revisions\/628"}],"wp:attachment":[{"href":"https:\/\/sternenhof-oberwald.ch\/de\/wp-json\/wp\/v2\/media?parent=610"}],"curies":[{"name":"wp","href":"https:\/\/api.w.org\/{rel}","templated":true}]}}