{"id":92,"date":"2023-12-24T11:13:20","date_gmt":"2023-12-24T11:13:20","guid":{"rendered":"https:\/\/sternenhof-oberwald.ch\/?page_id=92"},"modified":"2025-03-21T13:50:16","modified_gmt":"2025-03-21T13:50:16","slug":"alp","status":"publish","type":"page","link":"https:\/\/sternenhof-oberwald.ch\/de\/alp\/","title":{"rendered":"Alp Lengis &#8211; K\u00e4sen wie damals"},"content":{"rendered":"<div class=\"wp-block-cover alignfull is-light\" style=\"min-height:240px;aspect-ratio:unset;\"><span aria-hidden=\"true\" class=\"wp-block-cover__background has-background-dim-0 has-background-dim\"><\/span><img data-recalc-dims=\"1\" loading=\"lazy\" decoding=\"async\" width=\"1290\" height=\"862\" class=\"wp-block-cover__image-background wp-image-355\" alt=\"Ausblick aufs Obergoms\" src=\"https:\/\/i0.wp.com\/sternenhof-oberwald.ch\/wp-content\/uploads\/2024\/01\/DSC7522_03-3-scaled.jpg?resize=1290%2C862&#038;ssl=1\" style=\"object-position:55% 49%\" data-object-fit=\"cover\" data-object-position=\"55% 49%\" srcset=\"https:\/\/i0.wp.com\/sternenhof-oberwald.ch\/wp-content\/uploads\/2024\/01\/DSC7522_03-3-scaled.jpg?w=2560&amp;ssl=1 2560w, https:\/\/i0.wp.com\/sternenhof-oberwald.ch\/wp-content\/uploads\/2024\/01\/DSC7522_03-3-scaled.jpg?resize=300%2C200&amp;ssl=1 300w, https:\/\/i0.wp.com\/sternenhof-oberwald.ch\/wp-content\/uploads\/2024\/01\/DSC7522_03-3-scaled.jpg?resize=1024%2C684&amp;ssl=1 1024w, https:\/\/i0.wp.com\/sternenhof-oberwald.ch\/wp-content\/uploads\/2024\/01\/DSC7522_03-3-scaled.jpg?resize=768%2C513&amp;ssl=1 768w, https:\/\/i0.wp.com\/sternenhof-oberwald.ch\/wp-content\/uploads\/2024\/01\/DSC7522_03-3-scaled.jpg?resize=1536%2C1027&amp;ssl=1 1536w, https:\/\/i0.wp.com\/sternenhof-oberwald.ch\/wp-content\/uploads\/2024\/01\/DSC7522_03-3-scaled.jpg?resize=2048%2C1369&amp;ssl=1 2048w, https:\/\/i0.wp.com\/sternenhof-oberwald.ch\/wp-content\/uploads\/2024\/01\/DSC7522_03-3-scaled.jpg?resize=18%2C12&amp;ssl=1 18w, https:\/\/i0.wp.com\/sternenhof-oberwald.ch\/wp-content\/uploads\/2024\/01\/DSC7522_03-3-scaled.jpg?resize=600%2C401&amp;ssl=1 600w\" sizes=\"auto, (max-width: 1290px) 100vw, 1290px\" \/><div class=\"wp-block-cover__inner-container is-layout-constrained wp-block-cover-is-layout-constrained\">\n<h1 class=\"wp-block-heading has-text-align-center has-large-font-size\">Alp Lengis<\/h1>\n<\/div><\/div>\n\n\n\n<div class=\"wp-block-media-text is-stacked-on-mobile\" style=\"grid-template-columns:48% auto\"><figure class=\"wp-block-media-text__media\"><img data-recalc-dims=\"1\" loading=\"lazy\" decoding=\"async\" width=\"1024\" height=\"684\" src=\"https:\/\/i0.wp.com\/sternenhof-oberwald.ch\/wp-content\/uploads\/2023\/12\/DSC7411.jpg?resize=1024%2C684&#038;ssl=1\" alt=\"K\u00e4seerei Gand\" class=\"wp-image-122 size-full\" srcset=\"https:\/\/i0.wp.com\/sternenhof-oberwald.ch\/wp-content\/uploads\/2023\/12\/DSC7411-scaled.jpg?resize=1024%2C684&amp;ssl=1 1024w, https:\/\/i0.wp.com\/sternenhof-oberwald.ch\/wp-content\/uploads\/2023\/12\/DSC7411-scaled.jpg?resize=300%2C200&amp;ssl=1 300w, https:\/\/i0.wp.com\/sternenhof-oberwald.ch\/wp-content\/uploads\/2023\/12\/DSC7411-scaled.jpg?resize=768%2C513&amp;ssl=1 768w, https:\/\/i0.wp.com\/sternenhof-oberwald.ch\/wp-content\/uploads\/2023\/12\/DSC7411-scaled.jpg?resize=1536%2C1026&amp;ssl=1 1536w, https:\/\/i0.wp.com\/sternenhof-oberwald.ch\/wp-content\/uploads\/2023\/12\/DSC7411-scaled.jpg?resize=2048%2C1369&amp;ssl=1 2048w, https:\/\/i0.wp.com\/sternenhof-oberwald.ch\/wp-content\/uploads\/2023\/12\/DSC7411-scaled.jpg?resize=18%2C12&amp;ssl=1 18w, https:\/\/i0.wp.com\/sternenhof-oberwald.ch\/wp-content\/uploads\/2023\/12\/DSC7411-scaled.jpg?resize=600%2C401&amp;ssl=1 600w\" sizes=\"auto, (max-width: 1024px) 100vw, 1024px\" \/><\/figure><div class=\"wp-block-media-text__content\">\n<p class=\"has-text-align-justify\">Zwischen Alpenrosen und Heidelbeerstr\u00e4uchern verbringen unsere K\u00fche im Sommer rund 3 Monate auf der Alp. Hier fressen sie erlesene Alpenkr\u00e4uter f\u00fcr die beste Alpmilch, aus der dann im Feuer ganz besonderer Alpk\u00e4se geschmiedet wird. Zwischen dem untersten Punkt der Alp auf rund 1800 Metern und dem Gipfel unserer Alp auf \u00fcber 2500 Metern absolvieren die K\u00fche allj\u00e4hrlich ihr H\u00f6hentraining. Dies fordert nicht nur die \u00c4lpler, sondern auch die Tiere. Die Milchleistung geht etwas zur\u00fcck, der Gehalt der Milch steigt aber. Nicht nur das, auch die Zusammensetzung des Fetts ver\u00e4ndert sich und macht <a href=\"https:\/\/www.agrarforschungschweiz.ch\/wp-content\/uploads\/2019\/12\/2004_1112_918.pdf\" title=\"\">Alpk\u00e4se besonders gesund<\/a> (<a href=\"https:\/\/www.fibl.org\/fileadmin\/documents\/en\/publications\/butler-etal-2009-jagsci.pdf\" target=\"_blank\" rel=\"noopener\" title=\"FIBL\">f\u00fcr alle, die es ganz genau wissen wollen<\/a>). Wir sind deshalb stolz, euch dieses immer rarer werdende, traditionell gefertigte, leicht gelbliche Gold anbieten zu d\u00fcrfen.<\/p>\n\n\n\n<div class=\"wp-block-buttons is-content-justification-center is-layout-flex wp-container-core-buttons-is-layout-1 wp-block-buttons-is-layout-flex\">\n<div class=\"wp-block-button\"><a class=\"wp-block-button__link wp-element-button\" href=\"\/de\/shop\/\">L\u00e4deli<\/a><\/div>\n<\/div>\n<\/div><\/div>\n\n\n\n<p><\/p>\n\n\n\n<h2 class=\"wp-block-heading has-text-align-center\">Rundgang<\/h2>\n\n\n\n<div class=\"wp-block-columns is-layout-flex wp-container-core-columns-is-layout-1 wp-block-columns-is-layout-flex\">\n<div class=\"wp-block-column is-layout-flow wp-block-column-is-layout-flow\" style=\"flex-basis:66.66%\">\n<p class=\"has-text-align-justify\">Kommt mit auf einen Rundgang \u00fcber unsere Alp. Von Oberwald geht es im Morgengrauen den steilen Wanderweg Richtung Hungerberg den Hang hinauf. An wundersch\u00f6nen Magerwiesen mit unz\u00e4hligen <a href=\"https:\/\/www.bafu.admin.ch\/dam\/bafu\/de\/dokumente\/biodiversitaet\/uv-umwelt-vollzug\/rote_liste_der_gefaehrdetenartenderschweizfarn-undbluetenpflanze.pdf.download.pdf\/rote_liste_der_gefaehrdetenartenderschweizfarn-undbluetenpflanze.pdf\" target=\"_blank\" rel=\"noopener\" title=\"BAFU\">seltenen Alpenblumen<\/a>. Auf der Alpstrasse weichen wir einem E-Bike aus, das doch ein bisschen schnell an uns vorbeizischt. Nach einer Stunde betreten wir die Alp. Die Erlenstr\u00e4ucher weichen gr\u00fcnen Wiesen, wir erreichen knapp \u00fcber der Gand die Waldgrenze. Eine erste Kuh <a href=\"https:\/\/sternenhof-oberwald.ch\/de\/umgang-mit-nutztieren-zwischen-kuscheltier-und-krankenhaus\/\" title=\"Umgang mit Nutztieren \u2013 Zwischen Kuscheltier und Krankenhaus\">belagert den Weg<\/a>. Dies ist aber kein Problem, ein geschicktes Ausweichman\u00f6ver verhindert eine gef\u00e4hrliche Situation. \u00dcber Stock oder eher Stein geht es weiter hinauf. Wir geniessen den Schatten, den uns der Galen noch spendet. Auf dem gegen\u00fcberliegenden Hang k\u00fcndigt die Sonne bereits einen warmen Tag an. \u00dcber drei B\u00e4che gelangen wir zur Lichere. Hier begegnen wir dem ersten \u00c4lpler. Diese sind zwar meist freundlich, aber doch ein bisschen scheu. Aufpassen beim ungefragten Fotografieren! Die \u00c4lpler:inen beissen. An der H\u00fctte vorbei gleich das n\u00e4chste Hindernis: Das Maultier Gino. Im m\u00fcssen wir nicht ausweichen. Nach einer kleinen Streicheleinheit geht es den letzten steilen Aufstieg zur alten H\u00fctte Vierb\u00e4ch hinauf. Hier erreicht uns endlich die Sonne. Wir finden einen grossen, leicht angew\u00e4rmten Stein am Wegrand und g\u00f6nnen uns eine Pause. Gest\u00e4rkt von <a href=\"https:\/\/www.bauernhof-wallis.ch\/b%C3%BCrli-schiirli\/\" target=\"_blank\" rel=\"noopener\" title=\"\">Brot,<\/a> <a href=\"\/de\/shop\/\" title=\"\">K\u00e4se und Wurst<\/a> geht es weiter auf das Hochplateau des Bitmers. Die Landschaft erinnert an einen Western.<a href=\"https:\/\/sternenhof-oberwald.ch\/de\/unsere-pferdeherde\/\" title=\" Die Pferdeherde galoppiert\"> Die Pferdeherde galoppiert<\/a> in der Ferne, dicht gefolgt von den Rindern. Wir laufen die grosse Runde auf dem Wanderweg. An der Nordwestseite angekommen, erschrecken wir erst einmal von dem pl\u00f6tzlichen Abgrund, der nach Gletsch hinunterf\u00fchrt. Beim Heben des Blicks erblicken wir den majest\u00e4tischen Rhonegletscher. Wir fragen uns, ob die Hitze besser ertr\u00e4glich w\u00e4re, wenn wir im tr\u00fcben Gletschersee baden k\u00f6nnten. Wahrscheinlich ja, aber die Eisberge im Wasser schrecken uns doch ab. Wir wandern weiter hinauf, vorbei an alten Sch\u00fctzengr\u00e4ben und lassen uns schlussendlich am h\u00f6chsten Punkt vom Wind die Haare zerzausen. Auf der alten Milit\u00e4rstrasse geht es z\u00fcgig zum Furkapass, das Postauto wartet n\u00e4mlich nicht. Was f\u00fcr Geheimnisse der Alp wir diese mal verpasst haben, wissen wir nicht. Beim N\u00e4chsten mal wartet aber bestimmt viel Spannendes auf uns.<\/p>\n<\/div>\n\n\n\n<div class=\"wp-block-column is-layout-flow wp-block-column-is-layout-flow\" style=\"flex-basis:33.33%\">\n<iframe src=\"https:\/\/map.geo.admin.ch\/#\/embed?lang=de&#038;center=2672278.51,1156149.19&#038;z=7&#038;bgLayer=void&#038;topic=swisstopo&#038;layers=ch.swisstopo.swissimage-product@year=2022;KML%7Chttps:\/\/public.geo.admin.ch\/api\/kml\/files\/KF5HKWQvT0yND33lTouoGg&#038;featureInfo=bottomPanel&#038;catalogNodes=ech\" style=\"border: 0;width: 400px;height: 600px;max-width: 100%;max-height: 100%;\" allow=\"geolocation\"><\/iframe>\n<\/div>\n<\/div>\n\n\n\n<h2 class=\"wp-block-heading has-text-align-center\">Reden um den heissen Brei<\/h2>\n\n\n\n<p class=\"has-text-align-justify\">Die Herstellung von K\u00e4se ist oft von Geheimnissen umgeben. Schlussendlich ist sie jedoch im Prinzip <a href=\"https:\/\/www.vs.ch\/documents\/180911\/3822715\/Herstellung+von+Walliser+Raclettek%C3%A4se+AOP.pdf\/2316ea75-38b5-4f8c-9fa0-44136b3c9671\" target=\"_blank\" rel=\"noopener\" title=\"Alpsennenkurs\">recht simpel<\/a>. Man nehme ein Kessi frische Milch, gebe Kultur hinzu. W\u00e4hrend Berner Alpk\u00e4se oft auf <a href=\"https:\/\/das-kaeseportal.de\/sirtenkultur-was-ist-das\/\" target=\"_blank\" rel=\"noopener\" title=\"\">Sirtenkulturen <\/a>setzt, verwenden wir, wie auch die meisten Alpen im Wallis, eine Trockenkultur. Dies nimmt zwar ein wenig regionalen Charakter, reduziert aber Produktionsausf\u00e4lle massiv. Nach einer halben Stunde wird die Milch auf 35\u00b0 erhitzt und 15ml Lab pro 100 l Milch hinzugegeben. Eine halbe Stunde und ein feines Zmorge sp\u00e4ter ist die Milch geronnen und der romantischste Teil des k\u00e4sens beginnt. Vorsichtig wird die K\u00e4seharfe durch das Kessi gezogen. Sobald die Bruchk\u00f6rner ungef\u00e4hr Maiskorn Gr\u00f6sse erreicht haben, wird nur noch ger\u00fchrt. Nach einer Viertelstunde wird das Feuer unter dem Kessi angez\u00fcndet und die Milch w\u00e4hrend einer weiteren Viertelstunde auf 40 Grad erw\u00e4rmt. Unter st\u00e4ndigem R\u00fchren darf der Bruch eine weitere Viertelstunde ziehen. Nun wird der Bruch mit K\u00e4set\u00fcchern aus dem Kessi geholt und in <a href=\"https:\/\/www.winklerag.ch\/de\/jarb-bergkase-buchenholz-6-cm-komplett\" title=\"\">J\u00e4rbe<\/a>, traditionelle K\u00e4seformen aus Holz, \u00fcberf\u00fchrt. Das Probieren der Molke dient als Qualit\u00e4tskontrolle. Sie sollte leicht s\u00fcsslich schmecken. Aus einem vollen Kessi werden ungef\u00e4hr sieben Laibe. Auf dem Presstisch verlieren diese ganz frischen K\u00e4slein viel Molke. Damit die K\u00e4se homogen werden, m\u00fcssen sie nach f\u00fcnf Minuten, zehn Minuten, 45 Minuten und 8 Stunden gewendet werden. Die ganze Zeit auf dem Presstisch sind die K\u00e4se warm unter einer isolierenden Decke verpackt, damit sich die Bakterienkulturen entfalten k\u00f6nnen. Nach einem Tag d\u00fcrfen die K\u00e4se in den K\u00e4sekeller. Hier k\u00fchlen sie einen Tag lang aus, und verbringen dann einen Tag im Salzbad (Salzgehalt um 18g\/Liter). Im K\u00e4sekeller werden die K\u00e4se jetzt w\u00e4hrend der ersten zehn Tage t\u00e4glich, danach jeden zweiten Tag, gepflegt. Nach ungef\u00e4hr zwei Wochen ist eine Rotschmierkultur zu sehen und eine Rinde bildet sich. Nach zwei Monaten kann angeschnitten werden und das Festessen beginnt.<\/p>\n\n\n\n<h3 class=\"wp-block-heading has-text-align-center\">Aber was macht unseren K\u00e4se jetzt besonders<\/h3>\n\n\n\n<p class=\"has-text-align-justify\">Das Rezept, nach dem die Walliser Alpen k\u00e4sen, ist immer sehr \u00e4hnlich, dennoch ist der K\u00e4se, der am Schluss herauskommt, sehr unterschiedlich. Geruch, Geschmack, Konsistenz und Farbe k\u00f6nnen sehr verschieden sein. Obwohl das Rezept sehr klar definiert ist, passt ein erfahrene K\u00e4serin den Produktionsprozess wo n\u00f6tig an. Wetter, Weide und Laune der K\u00fche ver\u00e4ndern die Milch und die K\u00e4serei und den K\u00e4ser. Viel Geschick ist gefordert, um konstante Qualit\u00e4t zu erreichen. Zudem ist das Futter von Alp zu Alp sehr unterschiedlich. Aus diesem unterschiedlichen Futter geben die K\u00fche dann unterschiedliche Milch. Die meisten Walliser Alpen werden jeweils nur von wenigen Bauern bestossen, in unserem Fall nur von unseren 25 K\u00fchen und f\u00fcnf K\u00fchen vom <a href=\"https:\/\/werde-magazin.de\/blog\/2020\/03\/03\/ein-gesunder-boden-beginnt-im-stall\/\" target=\"_blank\" rel=\"noopener\" title=\"Hof Sagensitz\">Hof Sagensitz<\/a>. Je nach Zucht der Betriebe kann der Gehalt der Milch sehr verschieden sein. Schlussendlich liegt das Geheimnis aber doch im Keller begraben. Jeder Keller ist von einer anderen Bakterienkultur bewohnt, hat eine andere Temperatur, l\u00e4sst Luft anders zirkulieren. Wie genau der perfekte Keller aussieht, weiss niemand. Wir sch\u00e4tzten uns aber sehr gl\u00fccklich, mit einem Keller gesegnet zu sein, der dem K\u00e4se einen milden, aber doch kr\u00e4ftigen Charakter gibt. Damit entsteht trotz wechselndem Personal und K\u00fchen ein roter Faden, den unsere Kunden seit Jahrzehnten sch\u00e4tzten.<\/p>\n\n\n\n<div class=\"wp-block-group\"><div class=\"wp-block-group__inner-container is-layout-constrained wp-block-group-is-layout-constrained\">\n<div class=\"wp-block-group\"><div class=\"wp-block-group__inner-container is-layout-constrained wp-block-group-is-layout-constrained\">\n<div class=\"wp-block-columns is-layout-flex wp-container-core-columns-is-layout-2 wp-block-columns-is-layout-flex\">\n<div class=\"wp-block-column is-layout-flow wp-block-column-is-layout-flow\" style=\"flex-basis:10%\"><\/div>\n\n\n\n<div class=\"wp-block-column is-layout-flow wp-block-column-is-layout-flow\" style=\"flex-basis:80%\">\n<div class=\"wp-block-jetpack-slideshow alignwide\" data-effect=\"slide\"><div class=\"wp-block-jetpack-slideshow_container swiper-container\"><ul class=\"wp-block-jetpack-slideshow_swiper-wrapper swiper-wrapper\"><li class=\"wp-block-jetpack-slideshow_slide swiper-slide\"><figure><img data-recalc-dims=\"1\" loading=\"lazy\" decoding=\"async\" width=\"1024\" height=\"684\" alt=\"Fleix mit Gino\" class=\"wp-block-jetpack-slideshow_image wp-image-127\" data-id=\"127\" src=\"https:\/\/i0.wp.com\/sternenhof-oberwald.ch\/wp-content\/uploads\/2023\/12\/DSC7581.jpg?resize=1024%2C684&#038;ssl=1\" srcset=\"https:\/\/i0.wp.com\/sternenhof-oberwald.ch\/wp-content\/uploads\/2023\/12\/DSC7581-scaled.jpg?resize=1024%2C684&amp;ssl=1 1024w, https:\/\/i0.wp.com\/sternenhof-oberwald.ch\/wp-content\/uploads\/2023\/12\/DSC7581-scaled.jpg?resize=300%2C200&amp;ssl=1 300w, https:\/\/i0.wp.com\/sternenhof-oberwald.ch\/wp-content\/uploads\/2023\/12\/DSC7581-scaled.jpg?resize=768%2C513&amp;ssl=1 768w, https:\/\/i0.wp.com\/sternenhof-oberwald.ch\/wp-content\/uploads\/2023\/12\/DSC7581-scaled.jpg?resize=1536%2C1026&amp;ssl=1 1536w, https:\/\/i0.wp.com\/sternenhof-oberwald.ch\/wp-content\/uploads\/2023\/12\/DSC7581-scaled.jpg?resize=2048%2C1369&amp;ssl=1 2048w, https:\/\/i0.wp.com\/sternenhof-oberwald.ch\/wp-content\/uploads\/2023\/12\/DSC7581-scaled.jpg?resize=18%2C12&amp;ssl=1 18w, https:\/\/i0.wp.com\/sternenhof-oberwald.ch\/wp-content\/uploads\/2023\/12\/DSC7581-scaled.jpg?resize=600%2C401&amp;ssl=1 600w\" sizes=\"(max-width: 1024px) 100vw, 1024px\" \/><figcaption class=\"wp-block-jetpack-slideshow_caption gallery-caption\">Per Maultier Gino kommt der K\u00e4se von der oberen H\u00fctte in den Keller<\/figcaption><\/figure><\/li><li class=\"wp-block-jetpack-slideshow_slide swiper-slide\"><figure><img data-recalc-dims=\"1\" loading=\"lazy\" decoding=\"async\" width=\"1024\" height=\"684\" alt=\"K\u00e4sekeller, K\u00e4sepflege, Alpk\u00e4se\" class=\"wp-block-jetpack-slideshow_image wp-image-377\" data-id=\"377\" src=\"https:\/\/i0.wp.com\/sternenhof-oberwald.ch\/wp-content\/uploads\/2024\/01\/DSC9095_01.jpg?resize=1024%2C684&#038;ssl=1\" srcset=\"https:\/\/i0.wp.com\/sternenhof-oberwald.ch\/wp-content\/uploads\/2024\/01\/DSC9095_01.jpg?resize=1024%2C684&amp;ssl=1 1024w, https:\/\/i0.wp.com\/sternenhof-oberwald.ch\/wp-content\/uploads\/2024\/01\/DSC9095_01.jpg?resize=300%2C200&amp;ssl=1 300w, https:\/\/i0.wp.com\/sternenhof-oberwald.ch\/wp-content\/uploads\/2024\/01\/DSC9095_01.jpg?resize=768%2C513&amp;ssl=1 768w, https:\/\/i0.wp.com\/sternenhof-oberwald.ch\/wp-content\/uploads\/2024\/01\/DSC9095_01.jpg?resize=18%2C12&amp;ssl=1 18w, https:\/\/i0.wp.com\/sternenhof-oberwald.ch\/wp-content\/uploads\/2024\/01\/DSC9095_01.jpg?resize=600%2C401&amp;ssl=1 600w, https:\/\/i0.wp.com\/sternenhof-oberwald.ch\/wp-content\/uploads\/2024\/01\/DSC9095_01.jpg?w=1204&amp;ssl=1 1204w\" sizes=\"(max-width: 1024px) 100vw, 1024px\" \/><figcaption class=\"wp-block-jetpack-slideshow_caption gallery-caption\">Im Keller angekommen, darf der K\u00e4se ruhen und seinen Geschmack entfalten. Damit es im gut geht, bekommt er ein t\u00e4gliches Peeling<\/figcaption><\/figure><\/li><li class=\"wp-block-jetpack-slideshow_slide swiper-slide\"><figure><img data-recalc-dims=\"1\" loading=\"lazy\" decoding=\"async\" width=\"1024\" height=\"684\" alt=\"Anfang August kann der erste K\u00e4se angeschnitten werde. All die Arbeit der vergangenen Wochen zeigt endlich ihre Fr\u00fcchte.\" class=\"wp-block-jetpack-slideshow_image wp-image-618\" data-id=\"618\" src=\"https:\/\/i0.wp.com\/sternenhof-oberwald.ch\/wp-content\/uploads\/2024\/02\/DSC04674.jpg?resize=1024%2C684&#038;ssl=1\" srcset=\"https:\/\/i0.wp.com\/sternenhof-oberwald.ch\/wp-content\/uploads\/2024\/02\/DSC04674.jpg?resize=1024%2C684&amp;ssl=1 1024w, https:\/\/i0.wp.com\/sternenhof-oberwald.ch\/wp-content\/uploads\/2024\/02\/DSC04674.jpg?resize=300%2C200&amp;ssl=1 300w, https:\/\/i0.wp.com\/sternenhof-oberwald.ch\/wp-content\/uploads\/2024\/02\/DSC04674.jpg?resize=768%2C513&amp;ssl=1 768w, https:\/\/i0.wp.com\/sternenhof-oberwald.ch\/wp-content\/uploads\/2024\/02\/DSC04674.jpg?resize=18%2C12&amp;ssl=1 18w, https:\/\/i0.wp.com\/sternenhof-oberwald.ch\/wp-content\/uploads\/2024\/02\/DSC04674.jpg?resize=600%2C401&amp;ssl=1 600w, https:\/\/i0.wp.com\/sternenhof-oberwald.ch\/wp-content\/uploads\/2024\/02\/DSC04674.jpg?w=1204&amp;ssl=1 1204w\" sizes=\"(max-width: 1024px) 100vw, 1024px\" \/><figcaption class=\"wp-block-jetpack-slideshow_caption gallery-caption\">Anfang August kann der erste K\u00e4se angeschnitten werde. All die Arbeit der vergangenen Wochen zeigt endlich ihre Fr\u00fcchte.<\/figcaption><\/figure><\/li><li class=\"wp-block-jetpack-slideshow_slide swiper-slide\"><figure><img data-recalc-dims=\"1\" loading=\"lazy\" decoding=\"async\" width=\"1024\" height=\"684\" alt=\"Ausblick aufs Obergoms\" class=\"wp-block-jetpack-slideshow_image wp-image-355\" data-id=\"355\" src=\"https:\/\/i0.wp.com\/sternenhof-oberwald.ch\/wp-content\/uploads\/2024\/01\/DSC7522_03-3.jpg?resize=1024%2C684&#038;ssl=1\" srcset=\"https:\/\/i0.wp.com\/sternenhof-oberwald.ch\/wp-content\/uploads\/2024\/01\/DSC7522_03-3-scaled.jpg?resize=1024%2C684&amp;ssl=1 1024w, https:\/\/i0.wp.com\/sternenhof-oberwald.ch\/wp-content\/uploads\/2024\/01\/DSC7522_03-3-scaled.jpg?resize=300%2C200&amp;ssl=1 300w, https:\/\/i0.wp.com\/sternenhof-oberwald.ch\/wp-content\/uploads\/2024\/01\/DSC7522_03-3-scaled.jpg?resize=768%2C513&amp;ssl=1 768w, https:\/\/i0.wp.com\/sternenhof-oberwald.ch\/wp-content\/uploads\/2024\/01\/DSC7522_03-3-scaled.jpg?resize=1536%2C1027&amp;ssl=1 1536w, https:\/\/i0.wp.com\/sternenhof-oberwald.ch\/wp-content\/uploads\/2024\/01\/DSC7522_03-3-scaled.jpg?resize=2048%2C1369&amp;ssl=1 2048w, https:\/\/i0.wp.com\/sternenhof-oberwald.ch\/wp-content\/uploads\/2024\/01\/DSC7522_03-3-scaled.jpg?resize=18%2C12&amp;ssl=1 18w, https:\/\/i0.wp.com\/sternenhof-oberwald.ch\/wp-content\/uploads\/2024\/01\/DSC7522_03-3-scaled.jpg?resize=600%2C401&amp;ssl=1 600w\" sizes=\"(max-width: 1024px) 100vw, 1024px\" \/><figcaption class=\"wp-block-jetpack-slideshow_caption gallery-caption\">Ausblick von der Alp \u00fcber das Obergoms, geniessbar zwischen Gand und Lichere<\/figcaption><\/figure><\/li><li class=\"wp-block-jetpack-slideshow_slide swiper-slide\"><figure><img data-recalc-dims=\"1\" loading=\"lazy\" decoding=\"async\" width=\"1024\" height=\"684\" alt=\"\" class=\"wp-block-jetpack-slideshow_image wp-image-616\" data-id=\"616\" src=\"https:\/\/i0.wp.com\/sternenhof-oberwald.ch\/wp-content\/uploads\/2024\/02\/DSC7640.jpg?resize=1024%2C684&#038;ssl=1\" srcset=\"https:\/\/i0.wp.com\/sternenhof-oberwald.ch\/wp-content\/uploads\/2024\/02\/DSC7640.jpg?resize=1024%2C684&amp;ssl=1 1024w, https:\/\/i0.wp.com\/sternenhof-oberwald.ch\/wp-content\/uploads\/2024\/02\/DSC7640.jpg?resize=300%2C200&amp;ssl=1 300w, https:\/\/i0.wp.com\/sternenhof-oberwald.ch\/wp-content\/uploads\/2024\/02\/DSC7640.jpg?resize=768%2C513&amp;ssl=1 768w, https:\/\/i0.wp.com\/sternenhof-oberwald.ch\/wp-content\/uploads\/2024\/02\/DSC7640.jpg?resize=18%2C12&amp;ssl=1 18w, https:\/\/i0.wp.com\/sternenhof-oberwald.ch\/wp-content\/uploads\/2024\/02\/DSC7640.jpg?resize=600%2C401&amp;ssl=1 600w, https:\/\/i0.wp.com\/sternenhof-oberwald.ch\/wp-content\/uploads\/2024\/02\/DSC7640.jpg?w=1204&amp;ssl=1 1204w\" sizes=\"(max-width: 1024px) 100vw, 1024px\" \/><figcaption class=\"wp-block-jetpack-slideshow_caption gallery-caption\">Auch, oder grade bei Schnee hat die Lengis unglaubliche Ausblicke zu bieten<\/figcaption><\/figure><\/li><\/ul><a class=\"wp-block-jetpack-slideshow_button-prev swiper-button-prev swiper-button-white\" role=\"button\"><\/a><a class=\"wp-block-jetpack-slideshow_button-next swiper-button-next swiper-button-white\" role=\"button\"><\/a><a aria-label=\"Pause Slideshow\" class=\"wp-block-jetpack-slideshow_button-pause\" role=\"button\"><\/a><div class=\"wp-block-jetpack-slideshow_pagination swiper-pagination swiper-pagination-white\"><\/div><\/div><\/div>\n<\/div>\n\n\n\n<div class=\"wp-block-column is-layout-flow wp-block-column-is-layout-flow\" style=\"flex-basis:10%\"><\/div>\n<\/div>\n<\/div><\/div>\n<\/div><\/div>","protected":false},"excerpt":{"rendered":"<p>Rundgang Kommt mit auf einen Rundgang \u00fcber unsere Alp. Von Oberwald geht es im Morgengrauen den steilen Wanderweg Richtung Hungerberg den Hang hinauf. An wundersch\u00f6nen Magerwiesen mit unz\u00e4hligen seltenen Alpenblumen. Auf der Alpstrasse weichen wir einem E-Bike aus, das doch ein bisschen schnell an uns vorbeizischt. Nach einer Stunde betreten wir die Alp. Die Erlenstr\u00e4ucher&#8230;<\/p>","protected":false},"author":4,"featured_media":0,"parent":0,"menu_order":0,"comment_status":"closed","ping_status":"closed","template":"","meta":{"_kadence_starter_templates_imported_post":false,"_kad_post_transparent":"","_kad_post_title":"hide","_kad_post_layout":"normal","_kad_post_sidebar_id":"","_kad_post_content_style":"","_kad_post_vertical_padding":"","_kad_post_feature":"","_kad_post_feature_position":"","_kad_post_header":false,"_kad_post_footer":false,"footnotes":""},"class_list":["post-92","page","type-page","status-publish","hentry"],"aioseo_notices":[],"jetpack_sharing_enabled":true,"_links":{"self":[{"href":"https:\/\/sternenhof-oberwald.ch\/de\/wp-json\/wp\/v2\/pages\/92","targetHints":{"allow":["GET"]}}],"collection":[{"href":"https:\/\/sternenhof-oberwald.ch\/de\/wp-json\/wp\/v2\/pages"}],"about":[{"href":"https:\/\/sternenhof-oberwald.ch\/de\/wp-json\/wp\/v2\/types\/page"}],"author":[{"embeddable":true,"href":"https:\/\/sternenhof-oberwald.ch\/de\/wp-json\/wp\/v2\/users\/4"}],"replies":[{"embeddable":true,"href":"https:\/\/sternenhof-oberwald.ch\/de\/wp-json\/wp\/v2\/comments?post=92"}],"version-history":[{"count":66,"href":"https:\/\/sternenhof-oberwald.ch\/de\/wp-json\/wp\/v2\/pages\/92\/revisions"}],"predecessor-version":[{"id":892,"href":"https:\/\/sternenhof-oberwald.ch\/de\/wp-json\/wp\/v2\/pages\/92\/revisions\/892"}],"wp:attachment":[{"href":"https:\/\/sternenhof-oberwald.ch\/de\/wp-json\/wp\/v2\/media?parent=92"}],"curies":[{"name":"wp","href":"https:\/\/api.w.org\/{rel}","templated":true}]}}